{"id":17,"date":"2024-05-22T11:21:12","date_gmt":"2024-05-22T14:21:12","guid":{"rendered":"https:\/\/ejns.org.br\/?page_id=17"},"modified":"2024-06-30T20:00:31","modified_gmt":"2024-06-30T23:00:31","slug":"nossa-historia","status":"publish","type":"page","link":"https:\/\/ejns.org.br\/?page_id=17","title":{"rendered":"Sobre N\u00f3s"},"content":{"rendered":"\n<div style=\"height:32px\" aria-hidden=\"true\" class=\"wp-block-spacer\"><\/div>\n\n\n\n<h2 class=\"wp-block-heading has-azul-ejns-color has-text-color has-link-color wp-elements-4af4821c53a90141d88281bd20d139ec\">Nossa Hist\u00f3ria<\/h2>\n\n\n\n<p>O Movimento das EJNS come\u00e7ou no Encontro Internacional das ENS em Roma, em 1976, quando a jovem Christine d\u2019Amonville \u2013 filha do casal franc\u00eas que estava como respons\u00e1vel internacional \u2013 decidiu organizar, paralelamente ao encontro, uma reuni\u00e3o para os filhos dos casais. Para isso, contou com a colabora\u00e7\u00e3o do Padre Guy Thomazeau.<\/p>\n\n\n\n<p>Os jovens desse primeiro encontro come\u00e7aram a divulgar em seus pa\u00edses a rica experi\u00eancia que vivenciaram. Assim, surgiu o projeto de criar equipes juvenis inspiradas na espiritualidade das ENS. O Movimento come\u00e7ou a se tornar realidade em Setembro\/77, em Gap (Fran\u00e7a), quando Christine convocou novamente jovens de v\u00e1rios pa\u00edses europeus para seu 2\u00ba Encontro Internacional. Neste evento, foi institu\u00eddo o primeiro Secretariado Internacional com sede na Fran\u00e7a. Ele definiu posteriormente a estrutura das EJNS, criando documentos e fun\u00e7\u00f5es.<\/p>\n\n\n\n<p>No Brasil, embora j\u00e1 houvesse as chamadas \u201cequipinhas\u201d coordenadas pelos pr\u00f3prios casais desde 1981, as EJNS come\u00e7aram a tomar corpo em 1989, quando esteve aqui a jovem Maria Madalena Fontoura, Respons\u00e1vel Nacional de Portugal. Ela visitou algumas cidades que tinham as &#8220;equipinhas&#8221;: Bel\u00e9m, Juiz de Fora, Ribeir\u00e3o Preto e Rio de Janeiro. Nesses encontros, ela apresentou a Carta Internacional rec\u00e9m editada, enfatizando que as EJNS devem ser coordenadas pelos jovens, tendo como suporte um casal acompanhador e um conselheiro espiritual.<\/p>\n\n\n\n<p><\/p>\n\n\n<div class=\"wp-block-image\">\n<figure class=\"aligncenter size-large\"><img fetchpriority=\"high\" decoding=\"async\" width=\"1024\" height=\"683\" src=\"https:\/\/ejns.org.br\/wp-content\/uploads\/2024\/06\/43690127414_62581b6826_k-1024x683.jpg\" alt=\"equipistas no encontro internacional, no Brasil, em 2018\" class=\"wp-image-184\" style=\"object-fit:cover\" srcset=\"https:\/\/ejns.org.br\/wp-content\/uploads\/2024\/06\/43690127414_62581b6826_k-1024x683.jpg 1024w, https:\/\/ejns.org.br\/wp-content\/uploads\/2024\/06\/43690127414_62581b6826_k-300x200.jpg 300w, https:\/\/ejns.org.br\/wp-content\/uploads\/2024\/06\/43690127414_62581b6826_k-768x512.jpg 768w, https:\/\/ejns.org.br\/wp-content\/uploads\/2024\/06\/43690127414_62581b6826_k-1536x1024.jpg 1536w, https:\/\/ejns.org.br\/wp-content\/uploads\/2024\/06\/43690127414_62581b6826_k.jpg 2048w\" sizes=\"(max-width: 1024px) 100vw, 1024px\" \/><\/figure><\/div>\n\n\n<p><\/p>\n\n\n\n<p>De posse da documenta\u00e7\u00e3o deixada por Maria Fontoura, Catherine Elisabeth Nadas (Cathy) \u2013 que trabalhava no Secretariado das ENS \u2013 prop\u00f4s-se a traduzir o material, a fim de que os interessados pudessem ter acesso ao mesmo. Tamb\u00e9m entrou em contato com o ent\u00e3o Respons\u00e1vel Internacional das EJNS, o franc\u00eas Thibaut Roussel, que a convidou para ir a Portugal participar do 13\u00ba Encontro Internacional dos jovens em F\u00e1tima, em Julho\/89. Nesse encontro, Thibaut, convoca Cathy para ser a primeira Respons\u00e1vel Nacional. Ela aceita e constitui uma equipe nacional, com a presen\u00e7a do Frei Barruel, do casal Therezinha e Ronaldo Wimmer e outros jovens. No final de 1989, forma duas equipes no Estado de S\u00e3o Paulo e ela pr\u00f3pria come\u00e7a a pilotagem.<\/p>\n\n\n\n<p>Contudo, o marco inicial do Movimento no Brasil \u00e9 o 1\u00ba Encontro Nacional das EJNS realizado em Aparecida-SP, entre os dias 25 e 28 de janeiro de 1990, com o aux\u00edlio das EJNS de Portugal, do qual participaram cerca de noventa pessoas. Neste encontro definiu-se a forma\u00e7\u00e3o e o plano de pilotagem para os cinco primeiros setores nacionais: ABC (incluindo S\u00e3o Paulo), Juiz de Fora (incluindo Bras\u00edlia), Bel\u00e9m, Jacare\u00ed e Rio Grande do Sul. <\/p>\n\n\n\n<p>Como a forma\u00e7\u00e3o das EJNS inspirou-se nas ENS, parte dos jovens \u00e9 composta por filhos de equipistas e os la\u00e7os entre os dois Movimentos sempre s\u00e3o bem fortes. O que mant\u00e9m esta uni\u00e3o \u00e9, com certeza, o amor a Nossa Senhora, o desejo de colocar-se sob o seu amparo e exemplo no caminho que leva a Cristo.<\/p>\n\n\n\n<div style=\"height:32px\" aria-hidden=\"true\" class=\"wp-block-spacer\"><\/div>\n\n\n\n<h2 class=\"wp-block-heading has-azul-ejns-color has-text-color has-link-color wp-elements-4a4eedf59d1789a4e0ca5b24aa6f821a\">Onde Estamos<\/h2>\n\n\n\n<p>No Brasil, estamos em 17 Estados, al\u00e9m do Distrito Federal e somos divididos em 8 regionais:<\/p>\n\n\n\n<div class=\"wp-block-group is-vertical is-layout-flex wp-container-core-group-is-layout-10 wp-block-group-is-layout-flex\">\n<div style=\"height:38px\" aria-hidden=\"true\" class=\"wp-block-spacer wp-container-content-1\"><\/div>\n\n\n\n<figure class=\"wp-block-image size-full is-resized\"><img decoding=\"async\" width=\"1024\" height=\"512\" src=\"http:\/\/ejns.org.br\/wp-content\/uploads\/2024\/05\/image.png\" alt=\"\" class=\"wp-image-35\" style=\"width:1080px;height:auto\" srcset=\"https:\/\/ejns.org.br\/wp-content\/uploads\/2024\/05\/image.png 1024w, https:\/\/ejns.org.br\/wp-content\/uploads\/2024\/05\/image-300x150.png 300w, https:\/\/ejns.org.br\/wp-content\/uploads\/2024\/05\/image-768x384.png 768w\" sizes=\"(max-width: 1024px) 100vw, 1024px\" \/><\/figure>\n\n\n\n<div class=\"wp-block-group\"><div class=\"wp-block-group__inner-container is-layout-constrained wp-block-group-is-layout-constrained\"><div class=\"gb-grid-wrapper gb-grid-wrapper-3aa9378e\">\n<div class=\"gb-grid-column gb-grid-column-bf78e261\"><div class=\"gb-container gb-container-bf78e261\">\n\n<div class=\"wp-block-group is-vertical is-layout-flex wp-container-core-group-is-layout-1 wp-block-group-is-layout-flex\"><div class=\"gb-container gb-container-3a1a5417\">\n\n<h3 class=\"wp-block-heading has-azul-ejns-color has-text-color has-link-color wp-elements-05ef41e19a807f2377f3f72ca206c1cc\">Regional 1<\/h3>\n\n<\/div>\n\n\n<div style=\"height:0px\" aria-hidden=\"true\" class=\"wp-block-spacer wp-container-content-2\"><\/div>\n\n\n\n<ul class=\"has-contrast-color has-text-color has-link-color wp-elements-72c0ce48ed89f10487b5e3573f8070fb\">\n<li>Araraquara &#8211; SP<\/li>\n\n\n\n<li>Bauru &#8211; SP<\/li>\n\n\n\n<li>Crici\u00fama &#8211; SC<\/li>\n\n\n\n<li>Curitiba &#8211; PR<\/li>\n\n\n\n<li>Pederneiras &#8211; SP<\/li>\n\n\n\n<li>Ribeir\u00e3o Preto &#8211; SP<\/li>\n\n\n\n<li>Santa Rosa do Verbo &#8211; SP<\/li>\n<\/ul>\n<\/div>\n\n<\/div><\/div>\n\n<div class=\"gb-grid-column gb-grid-column-9138ba91\"><div class=\"gb-container gb-container-9138ba91\">\n\n<div class=\"wp-block-group is-vertical is-layout-flex wp-container-core-group-is-layout-2 wp-block-group-is-layout-flex\"><div class=\"gb-container gb-container-7cfcaba1\">\n\n<h3 class=\"wp-block-heading has-amarelo-ejns-color has-text-color has-link-color wp-elements-5aff184363c9afcfb0b36304ad6ee252\">Regional 2<\/h3>\n\n<\/div>\n\n\n<div style=\"height:0px\" aria-hidden=\"true\" class=\"wp-block-spacer wp-container-content-3\"><\/div>\n\n\n\n<ul class=\"has-contrast-color has-text-color has-link-color wp-elements-16c7cedc2e83454fc77c291f0fb1ea22\">\n<li>Belo Horizonte &#8211; MG<\/li>\n\n\n\n<li>Itu &#8211; SP<\/li>\n\n\n\n<li>Pouso Alegre &#8211; MG<\/li>\n\n\n\n<li>Rio Claro &#8211; SP<\/li>\n\n\n\n<li>S\u00e3o Jos\u00e9 dos Campos &#8211; SP<\/li>\n\n\n\n<li>S\u00e3o Paulo &#8211; SP<\/li>\n<\/ul>\n<\/div>\n\n<\/div><\/div>\n\n<div class=\"gb-grid-column gb-grid-column-228eab15\"><div class=\"gb-container gb-container-228eab15\">\n\n<div class=\"wp-block-group is-vertical is-layout-flex wp-container-core-group-is-layout-3 wp-block-group-is-layout-flex\"><div class=\"gb-container gb-container-03a8a950\">\n\n<h3 class=\"wp-block-heading has-verde-ejns-color has-text-color has-link-color wp-elements-4294d480edaa6b2467e441b98040052e\">Regional 3<\/h3>\n\n<\/div>\n\n\n<ul class=\"has-contrast-color has-text-color has-link-color wp-elements-a21e91a882c308de5a9eb4e32278cda2\">\n<li>Arapiaca &#8211; AL<\/li>\n\n\n\n<li>Itabaiana &#8211; SE<\/li>\n\n\n\n<li>Macei\u00f3 &#8211; AL<\/li>\n\n\n\n<li>Nossa Senhora Aparecida &#8211; SE<\/li>\n<\/ul>\n<\/div>\n\n<\/div><\/div>\n<\/div>\n\n<div class=\"gb-grid-wrapper gb-grid-wrapper-257f744a\">\n<div class=\"gb-grid-column gb-grid-column-bdf73bab\"><div class=\"gb-container gb-container-bdf73bab\">\n\n<div class=\"wp-block-group is-vertical is-layout-flex wp-container-core-group-is-layout-4 wp-block-group-is-layout-flex\"><div class=\"gb-container gb-container-e69f43e5\">\n\n<h3 class=\"wp-block-heading has-text-color has-link-color wp-elements-fd4b2f01e8e2bdccf99b8ffcd3567493\" style=\"color:#098f8a\">Regional 4<\/h3>\n\n<\/div>\n\n\n<div style=\"height:0px\" aria-hidden=\"true\" class=\"wp-block-spacer wp-container-content-4\"><\/div>\n\n\n\n<ul class=\"has-contrast-color has-text-color has-link-color wp-elements-8a6901184e7db8a51154165675df1804\">\n<li>Bras\u00edlia &#8211; DF<\/li>\n\n\n\n<li>Dourados &#8211; MS<\/li>\n\n\n\n<li>Goi\u00e2nia &#8211; GO<\/li>\n\n\n\n<li>Goiatuba &#8211; GO<\/li>\n\n\n\n<li>Palmas &#8211; TO<\/li>\n\n\n\n<li>Urua\u00e7u &#8211; GO<\/li>\n<\/ul>\n<\/div>\n\n<\/div><\/div>\n\n<div class=\"gb-grid-column gb-grid-column-b46204af\"><div class=\"gb-container gb-container-b46204af\">\n\n<div class=\"wp-block-group is-vertical is-layout-flex wp-container-core-group-is-layout-5 wp-block-group-is-layout-flex\"><div class=\"gb-container gb-container-ba567b15\">\n\n<h3 class=\"wp-block-heading has-azul-ejns-color has-text-color has-link-color wp-elements-ed96c874067aff7bbe68fb48060e1c1d\">Regional 5<\/h3>\n\n<\/div>\n\n\n<div style=\"height:0px\" aria-hidden=\"true\" class=\"wp-block-spacer wp-container-content-5\"><\/div>\n\n\n\n<ul class=\"has-contrast-color has-text-color has-link-color wp-elements-a5f11f6c8df984d92a5565d9c7e8fac3\">\n<li>Niter\u00f3i &#8211; RJ<\/li>\n\n\n\n<li>Rio de Janeiro A\/B &#8211; RJ           <\/li>\n\n\n\n<li>S\u00e3o Gon\u00e7alo &#8211; RJ<\/li>\n\n\n\n<li>Petr\u00f3polis &#8211; RJ<\/li>\n\n\n\n<li>Piabet\u00e1 &#8211; RJ<\/li>\n\n\n\n<li style=\"font-size:0px\">S\u00e3o Jos\u00e9 dos Campos &#8211; SP<\/li>\n<\/ul>\n<\/div>\n\n<\/div><\/div>\n\n<div class=\"gb-grid-column gb-grid-column-34bed972\"><div class=\"gb-container gb-container-34bed972\">\n\n<div class=\"wp-block-group is-vertical is-layout-flex wp-container-core-group-is-layout-6 wp-block-group-is-layout-flex\"><div class=\"gb-container gb-container-152e7274\">\n\n<h3 class=\"wp-block-heading has-amarelo-ejns-color has-text-color has-link-color wp-elements-5c3b35f9c3e31a9a0eb6dc654a29d11c\">Regional 6<\/h3>\n\n<\/div>\n\n\n<ul class=\"has-contrast-color has-text-color has-link-color wp-elements-7a06c9d933710e7789f020b4762b1e7b\">\n<li>Caic\u00f3 &#8211; RN<\/li>\n\n\n\n<li>Fortaleza &#8211; CE<\/li>\n\n\n\n<li>Mossor\u00f3 &#8211; RN<\/li>\n\n\n\n<li>Natal &#8211; RN<\/li>\n\n\n\n<li>Ouro Branco &#8211; RN<\/li>\n\n\n\n<li>Parelhas A\/B &#8211; RN<\/li>\n<\/ul>\n<\/div>\n\n<\/div><\/div>\n<\/div>\n\n<div class=\"gb-grid-wrapper gb-grid-wrapper-74d83bf0\">\n<div class=\"gb-grid-column gb-grid-column-f48408f4\"><div class=\"gb-container gb-container-f48408f4\">\n\n<div class=\"wp-block-group is-vertical is-layout-flex wp-container-core-group-is-layout-7 wp-block-group-is-layout-flex\"><div class=\"gb-container gb-container-5d413923\">\n\n<h3 class=\"wp-block-heading has-verde-ejns-color has-text-color has-link-color wp-elements-d4ce213e3201ab9d8c4874d7055dd00c\">Regional 7<\/h3>\n\n<\/div>\n\n\n<div style=\"height:0px\" aria-hidden=\"true\" class=\"wp-block-spacer wp-container-content-6\"><\/div>\n\n\n\n<ul class=\"has-contrast-color has-text-color has-link-color wp-elements-89e5c6fa18480a3836dcc844de9291b6\">\n<li>\u00c1gua Preta &#8211; PE<\/li>\n\n\n\n<li>Barreiros A\/B &#8211; PE<\/li>\n\n\n\n<li>Campina Grande &#8211; PB<\/li>\n\n\n\n<li>Palmares &#8211; PE<\/li>\n\n\n\n<li>Pocinhos &#8211; PB<\/li>\n\n\n\n<li>Reccife &#8211; PE<\/li>\n\n\n\n<li>Xex\u00e9u &#8211; PE<\/li>\n\n\n\n<li style=\"font-size:0px\">S\u00e3o Jos\u00e9 dos Campos &#8211; SP<\/li>\n<\/ul>\n<\/div>\n\n<\/div><\/div>\n\n<div class=\"gb-grid-column gb-grid-column-8935b477\"><div class=\"gb-container gb-container-8935b477\">\n\n<div class=\"wp-block-group is-vertical is-layout-flex wp-container-core-group-is-layout-8 wp-block-group-is-layout-flex\"><div class=\"gb-container gb-container-372d8863\">\n\n<h3 class=\"wp-block-heading has-text-color has-link-color wp-elements-a54f5259da815fafd33af0836cc7d795\" style=\"color:#098f8a\">Regional 8<\/h3>\n\n<\/div>\n\n\n<div style=\"height:0px\" aria-hidden=\"true\" class=\"wp-block-spacer wp-container-content-7\"><\/div>\n\n\n\n<ul class=\"has-contrast-color has-text-color has-link-color wp-elements-bed9ca043033a8eb4f50b4a2a27209ae\">\n<li>Manaus &#8211; AM<\/li>\n\n\n\n<li>Graja\u00fa &#8211; MA<\/li>\n\n\n\n<li>Paritins &#8211; AM<\/li>\n\n\n\n<li>S\u00e3o Luis &#8211; MA<\/li>\n\n\n\n<li>S\u00e3o Miguel do Guarn\u00e1 &#8211; PA<\/li>\n<\/ul>\n<\/div>\n\n<\/div><\/div>\n<\/div><\/div><\/div>\n\n\n\n<div style=\"height:0px\" aria-hidden=\"true\" class=\"wp-block-spacer wp-container-content-8\"><\/div>\n<\/div>\n\n\n<div class=\"gb-container gb-container-3f3d22ec\">\n<div class=\"gb-container gb-container-77fdb058\">\n\n<div class=\"gb-headline gb-headline-56942ad3 gb-headline-text\">Al\u00e9m disso, Somos um movimento internacional, estamos presentes em mais de 20 pa\u00edses, como Canad\u00e1, Fran\u00e7a, Portugal, EUA, \u00c1frica do Sul e muitos outros.<\/div>\n\n\n\n<div style=\"height:16px\" aria-hidden=\"true\" class=\"wp-block-spacer\"><\/div>\n\n\n<div class=\"gb-container gb-container-89abc0a3\">\n\n<a class=\"gb-button gb-button-8247ad8e gb-button-text\" href=\"https:\/\/www.ytolinternational.com\/\" target=\"_blank\" rel=\"noopener noreferrer\"><strong>Descubra YTOL<\/strong><\/a>\n\n<\/div>\n<\/div>\n\n<div class=\"gb-container gb-container-9ae604f9\"><\/div>\n<\/div>","protected":false},"excerpt":{"rendered":"<p>Nossa Hist\u00f3ria O Movimento das EJNS come\u00e7ou no Encontro Internacional das ENS em Roma, em 1976, quando a jovem Christine d\u2019Amonville \u2013 filha do casal franc\u00eas que estava como respons\u00e1vel internacional \u2013 decidiu organizar, paralelamente ao encontro, uma reuni\u00e3o para os filhos dos casais. Para isso, contou com a colabora\u00e7\u00e3o do Padre Guy Thomazeau. Os &#8230; <a title=\"Sobre N\u00f3s\" class=\"read-more\" href=\"https:\/\/ejns.org.br\/?page_id=17\" aria-label=\"Read more about Sobre N\u00f3s\">Read more<\/a><\/p>\n","protected":false},"author":1,"featured_media":0,"parent":0,"menu_order":0,"comment_status":"closed","ping_status":"closed","template":"","meta":{"footnotes":""},"_links":{"self":[{"href":"https:\/\/ejns.org.br\/index.php?rest_route=\/wp\/v2\/pages\/17"}],"collection":[{"href":"https:\/\/ejns.org.br\/index.php?rest_route=\/wp\/v2\/pages"}],"about":[{"href":"https:\/\/ejns.org.br\/index.php?rest_route=\/wp\/v2\/types\/page"}],"author":[{"embeddable":true,"href":"https:\/\/ejns.org.br\/index.php?rest_route=\/wp\/v2\/users\/1"}],"replies":[{"embeddable":true,"href":"https:\/\/ejns.org.br\/index.php?rest_route=%2Fwp%2Fv2%2Fcomments&post=17"}],"version-history":[{"count":7,"href":"https:\/\/ejns.org.br\/index.php?rest_route=\/wp\/v2\/pages\/17\/revisions"}],"predecessor-version":[{"id":197,"href":"https:\/\/ejns.org.br\/index.php?rest_route=\/wp\/v2\/pages\/17\/revisions\/197"}],"wp:attachment":[{"href":"https:\/\/ejns.org.br\/index.php?rest_route=%2Fwp%2Fv2%2Fmedia&parent=17"}],"curies":[{"name":"wp","href":"https:\/\/api.w.org\/{rel}","templated":true}]}}